{"id":52,"date":"2024-03-28T12:11:41","date_gmt":"2024-03-28T12:11:41","guid":{"rendered":"https:\/\/csmdekor.hu\/about\/"},"modified":"2025-01-27T21:22:15","modified_gmt":"2025-01-27T21:22:15","slug":"about","status":"publish","type":"page","link":"https:\/\/csmdekor.hu\/?page_id=52","title":{"rendered":"R\u00f3lam"},"content":{"rendered":"\n\n\n\n\n\n\n<p>Lorem Ipsum has been the industry&#8217;s standard dummy text ever since the 1500s.<\/p>\n\n\n\n<h6>K\u00f6vess be!<\/h6>\n\n\n\n<div class=\"wp-block-columns is-layout-flex wp-container-core-columns-is-layout-9d6595d7 wp-block-columns-is-layout-flex\">\n<div class=\"wp-block-column is-layout-flow wp-block-column-is-layout-flow\"><\/div>\n\n\n\n<div class=\"wp-block-column is-layout-flow wp-block-column-is-layout-flow\"><\/div>\n\n\n\n<div class=\"wp-block-column is-layout-flow wp-block-column-is-layout-flow\"><\/div>\n<\/div>\n\n\n\n\n\n<p>AZ EMBER A MASZK M\u00d6G\u00d6TT&#8230;<\/p>\n\n\n\n<p>A nevem Cs\u00edk Mikl\u00f3s, a 2000-es \u00e9vek eleje \u00f3ta festek\u00a0aerosol\u00a0sprayel. 2020 \u00f3ta kezdtem dekor\u00e1ci\u00f3s megrendel\u00e9seket k\u00e9sz\u00edteni, \u00e9s 2022-ben megalkottam a\u00a0Color\u00a0Spray\u00a0Mural-t\u00a0ez lett a v\u00e9djegye az \u00e1ltalam k\u00e9sz\u00edtett egyedi falfestm\u00e9ny dekor\u00e1ci\u00f3knak. A k\u00e9peim legt\u00f6bbsz\u00f6r\u00a0sprayel, de vegyes technik\u00e1kkal is k\u00e9sz\u00fclnek a l\u00e9nyeg sz\u00e1momra, hogy\u00a0a\u00a0lehet\u0151\u00a0legr\u00e9szletesebb \u00e9s legszebben kidolgozott munk\u00e1kat adhassam\u00a0\u00e1t az adott id\u0151 alatt. Folyamatosan k\u00e9pzem magam a t\u00e9m\u00e1ban fontos sz\u00e1momra az \u00e1lland\u00f3 fejl\u0151d\u00e9s fenntart\u00e1sa. F\u0151k\u00e9nt a realisztikus kidolgoz\u00e1sok amik sz\u00e1momra a legink\u00e1bb testhez\u00e1ll\u00f3ak, ez\u00e9rt a fest\u00e9seim nagy r\u00e9sz\u00e9t is ilyenek alkotj\u00e1k. 99%-ban\u00a0egyed\u00fcl dolgozom legyen sz\u00f3 kisebb nagyobb fel\u00fcletek megfest\u00e9s\u00e9r\u0151l, \u00e9s nem riasztanak meg az extr\u00e9m nagy fel\u00fcletek sem mindent megtudok festeni b\u00e1rmekkora m\u00e9retben csak az id\u0151 \u00e9s a grafika bonyolults\u00e1ga k\u00fcl\u00f6nb\u00f6zteti meg a fel\u00fcletek m\u00e9ret\u00e9nek elk\u00e9sz\u00edt\u00e9s\u00e9t.<\/p>\n\n\n\n\n\n\n\n<p><\/p>\n","protected":false},"excerpt":{"rendered":"","protected":false},"author":1,"featured_media":0,"parent":0,"menu_order":0,"comment_status":"closed","ping_status":"closed","template":"","meta":{"pagelayer_contact_templates":[],"_pagelayer_content":"","_monsterinsights_skip_tracking":false,"_monsterinsights_sitenote_active":false,"_monsterinsights_sitenote_note":"","_monsterinsights_sitenote_category":0,"footnotes":""},"class_list":["post-52","page","type-page","status-publish","hentry"],"yoast_head":"<!-- This site is optimized with the Yoast SEO plugin v22.3 - https:\/\/yoast.com\/wordpress\/plugins\/seo\/ -->\n<title>R\u00f3lam - csmdekor<\/title>\n<meta name=\"robots\" content=\"index, follow, max-snippet:-1, max-image-preview:large, max-video-preview:-1\" \/>\n<link rel=\"canonical\" href=\"https:\/\/csmdekor.hu\/?page_id=52\" \/>\n<meta property=\"og:locale\" content=\"hu_HU\" \/>\n<meta property=\"og:type\" content=\"article\" \/>\n<meta property=\"og:title\" content=\"R\u00f3lam - csmdekor\" \/>\n<meta property=\"og:url\" content=\"https:\/\/csmdekor.hu\/?page_id=52\" \/>\n<meta property=\"og:site_name\" content=\"csmdekor\" \/>\n<meta property=\"article:modified_time\" content=\"2025-01-27T21:22:15+00:00\" \/>\n<meta name=\"twitter:card\" content=\"summary_large_image\" \/>\n<meta name=\"twitter:label1\" content=\"Becs\u00fclt olvas\u00e1si id\u0151\" \/>\n\t<meta name=\"twitter:data1\" content=\"1 perc\" \/>\n<script type=\"application\/ld+json\" class=\"yoast-schema-graph\">{\"@context\":\"https:\/\/schema.org\",\"@graph\":[{\"@type\":\"WebPage\",\"@id\":\"https:\/\/csmdekor.hu\/?page_id=52\",\"url\":\"https:\/\/csmdekor.hu\/?page_id=52\",\"name\":\"R\u00f3lam - csmdekor\",\"isPartOf\":{\"@id\":\"https:\/\/csmdekor.hu\/#website\"},\"datePublished\":\"2024-03-28T12:11:41+00:00\",\"dateModified\":\"2025-01-27T21:22:15+00:00\",\"breadcrumb\":{\"@id\":\"https:\/\/csmdekor.hu\/?page_id=52#breadcrumb\"},\"inLanguage\":\"hu\",\"potentialAction\":[{\"@type\":\"ReadAction\",\"target\":[\"https:\/\/csmdekor.hu\/?page_id=52\"]}]},{\"@type\":\"BreadcrumbList\",\"@id\":\"https:\/\/csmdekor.hu\/?page_id=52#breadcrumb\",\"itemListElement\":[{\"@type\":\"ListItem\",\"position\":1,\"name\":\"Home\",\"item\":\"https:\/\/csmdekor.hu\/\"},{\"@type\":\"ListItem\",\"position\":2,\"name\":\"R\u00f3lam\"}]},{\"@type\":\"WebSite\",\"@id\":\"https:\/\/csmdekor.hu\/#website\",\"url\":\"https:\/\/csmdekor.hu\/\",\"name\":\"csmdekor\",\"description\":\"csmdekor\",\"potentialAction\":[{\"@type\":\"SearchAction\",\"target\":{\"@type\":\"EntryPoint\",\"urlTemplate\":\"https:\/\/csmdekor.hu\/?s={search_term_string}\"},\"query-input\":\"required name=search_term_string\"}],\"inLanguage\":\"hu\"}]}<\/script>\n<!-- \/ Yoast SEO plugin. -->","yoast_head_json":{"title":"R\u00f3lam - csmdekor","robots":{"index":"index","follow":"follow","max-snippet":"max-snippet:-1","max-image-preview":"max-image-preview:large","max-video-preview":"max-video-preview:-1"},"canonical":"https:\/\/csmdekor.hu\/?page_id=52","og_locale":"hu_HU","og_type":"article","og_title":"R\u00f3lam - csmdekor","og_url":"https:\/\/csmdekor.hu\/?page_id=52","og_site_name":"csmdekor","article_modified_time":"2025-01-27T21:22:15+00:00","twitter_card":"summary_large_image","twitter_misc":{"Becs\u00fclt olvas\u00e1si id\u0151":"1 perc"},"schema":{"@context":"https:\/\/schema.org","@graph":[{"@type":"WebPage","@id":"https:\/\/csmdekor.hu\/?page_id=52","url":"https:\/\/csmdekor.hu\/?page_id=52","name":"R\u00f3lam - csmdekor","isPartOf":{"@id":"https:\/\/csmdekor.hu\/#website"},"datePublished":"2024-03-28T12:11:41+00:00","dateModified":"2025-01-27T21:22:15+00:00","breadcrumb":{"@id":"https:\/\/csmdekor.hu\/?page_id=52#breadcrumb"},"inLanguage":"hu","potentialAction":[{"@type":"ReadAction","target":["https:\/\/csmdekor.hu\/?page_id=52"]}]},{"@type":"BreadcrumbList","@id":"https:\/\/csmdekor.hu\/?page_id=52#breadcrumb","itemListElement":[{"@type":"ListItem","position":1,"name":"Home","item":"https:\/\/csmdekor.hu\/"},{"@type":"ListItem","position":2,"name":"R\u00f3lam"}]},{"@type":"WebSite","@id":"https:\/\/csmdekor.hu\/#website","url":"https:\/\/csmdekor.hu\/","name":"csmdekor","description":"csmdekor","potentialAction":[{"@type":"SearchAction","target":{"@type":"EntryPoint","urlTemplate":"https:\/\/csmdekor.hu\/?s={search_term_string}"},"query-input":"required name=search_term_string"}],"inLanguage":"hu"}]}},"_links":{"self":[{"href":"https:\/\/csmdekor.hu\/index.php?rest_route=\/wp\/v2\/pages\/52","targetHints":{"allow":["GET"]}}],"collection":[{"href":"https:\/\/csmdekor.hu\/index.php?rest_route=\/wp\/v2\/pages"}],"about":[{"href":"https:\/\/csmdekor.hu\/index.php?rest_route=\/wp\/v2\/types\/page"}],"author":[{"embeddable":true,"href":"https:\/\/csmdekor.hu\/index.php?rest_route=\/wp\/v2\/users\/1"}],"replies":[{"embeddable":true,"href":"https:\/\/csmdekor.hu\/index.php?rest_route=%2Fwp%2Fv2%2Fcomments&post=52"}],"version-history":[{"count":77,"href":"https:\/\/csmdekor.hu\/index.php?rest_route=\/wp\/v2\/pages\/52\/revisions"}],"predecessor-version":[{"id":1629,"href":"https:\/\/csmdekor.hu\/index.php?rest_route=\/wp\/v2\/pages\/52\/revisions\/1629"}],"wp:attachment":[{"href":"https:\/\/csmdekor.hu\/index.php?rest_route=%2Fwp%2Fv2%2Fmedia&parent=52"}],"curies":[{"name":"wp","href":"https:\/\/api.w.org\/{rel}","templated":true}]}}