{"id":49,"date":"2024-03-28T12:11:41","date_gmt":"2024-03-28T12:11:41","guid":{"rendered":"https:\/\/csmdekor.hu\/albums\/"},"modified":"2025-01-28T21:09:50","modified_gmt":"2025-01-28T21:09:50","slug":"albums","status":"publish","type":"page","link":"https:\/\/csmdekor.hu\/?page_id=49","title":{"rendered":"Gal\u00e9ria"},"content":{"rendered":"\n\n\n\n\n<p><strong>K\u00e9pek, k\u00fclt\u00e9r dekor\u00e1ci\u00f3, belt\u00e9ri dekor\u00e1ci\u00f3, dekor\u00e1ci\u00f3s fest\u00e9s, graffiti art, mural art minden ami fest\u00e9s \u00e9s ami \u00e9n vagyok.<\/strong><\/p>\n\n\n\n<p class=\"has-text-align-center has-medium-font-size\"><\/p>\n\n\n\n<p class=\"has-text-align-center has-medium-font-size\"><\/p>\n\n\n\n\n\n<h2>GAL\u00c9RIA<\/h2>\n\n\n\n\n\n\n\n<h3>kateg\u00f3ri\u00e1k<\/h3>\n\n\n\n\n\n\n<div class=\"wp-block-columns is-layout-flex wp-container-core-columns-is-layout-9d6595d7 wp-block-columns-is-layout-flex\">\n<div class=\"wp-block-column is-layout-flow wp-block-column-is-layout-flow\">\n<div class=\"wp-block-columns is-layout-flex wp-container-core-columns-is-layout-9d6595d7 wp-block-columns-is-layout-flex\">\n<div class=\"wp-block-column is-layout-flow wp-block-column-is-layout-flow\">\n<div class=\"wp-block-cover\" style=\"min-height:80px;aspect-ratio:unset;\"><span aria-hidden=\"true\" class=\"wp-block-cover__background has-black-background-color has-background-dim-40 has-background-dim\"><\/span><img loading=\"lazy\" decoding=\"async\" width=\"800\" height=\"500\" class=\"wp-block-cover__image-background wp-image-971\" alt=\"\" src=\"https:\/\/csmdekor.hu\/wp-content\/uploads\/2025\/01\/Kulteri-belyegkep_00.jpg\" data-object-fit=\"cover\" srcset=\"https:\/\/csmdekor.hu\/wp-content\/uploads\/2025\/01\/Kulteri-belyegkep_00.jpg 800w, https:\/\/csmdekor.hu\/wp-content\/uploads\/2025\/01\/Kulteri-belyegkep_00-300x188.jpg 300w, https:\/\/csmdekor.hu\/wp-content\/uploads\/2025\/01\/Kulteri-belyegkep_00-768x480.jpg 768w\" sizes=\"auto, (max-width: 800px) 100vw, 800px\" \/><div class=\"wp-block-cover__inner-container is-layout-constrained wp-block-cover-is-layout-constrained\">\n<p class=\"has-text-align-center has-medium-font-size\"><strong>K\u00dcLT\u00c9RI DEKOR<\/strong><\/p>\n\n\n<\/div><\/div>\n<\/div>\n\n\n\n<div class=\"wp-block-column is-layout-flow wp-block-column-is-layout-flow\">\n<div class=\"wp-block-cover\" style=\"min-height:80px;aspect-ratio:unset;\"><span aria-hidden=\"true\" class=\"wp-block-cover__background has-black-background-color has-background-dim-40 has-background-dim\"><\/span><img loading=\"lazy\" decoding=\"async\" width=\"800\" height=\"500\" class=\"wp-block-cover__image-background wp-image-1113\" alt=\"\" src=\"https:\/\/csmdekor.hu\/wp-content\/uploads\/2025\/01\/Belteri-belyegkep.jpg\" data-object-fit=\"cover\" srcset=\"https:\/\/csmdekor.hu\/wp-content\/uploads\/2025\/01\/Belteri-belyegkep.jpg 800w, https:\/\/csmdekor.hu\/wp-content\/uploads\/2025\/01\/Belteri-belyegkep-300x188.jpg 300w, https:\/\/csmdekor.hu\/wp-content\/uploads\/2025\/01\/Belteri-belyegkep-768x480.jpg 768w\" sizes=\"auto, (max-width: 800px) 100vw, 800px\" \/><div class=\"wp-block-cover__inner-container is-layout-constrained wp-block-cover-is-layout-constrained\">\n<p class=\"has-text-align-center has-medium-font-size\"><strong>BELT\u00c9RI DEKOR<\/strong><\/p>\n\n\n<\/div><\/div>\n<\/div>\n\n\n\n<div class=\"wp-block-column is-layout-flow wp-block-column-is-layout-flow\">\n<div class=\"wp-block-cover\" style=\"min-height:80px;aspect-ratio:unset;\"><span aria-hidden=\"true\" class=\"wp-block-cover__background has-black-background-color has-background-dim-40 has-background-dim\"><\/span><img loading=\"lazy\" decoding=\"async\" width=\"800\" height=\"500\" class=\"wp-block-cover__image-background wp-image-81\" alt=\"\" src=\"https:\/\/csmdekor.hu\/wp-content\/uploads\/2024\/03\/Limazo_reklamdekor_800px.jpg\" data-object-fit=\"cover\" srcset=\"https:\/\/csmdekor.hu\/wp-content\/uploads\/2024\/03\/Limazo_reklamdekor_800px.jpg 800w, https:\/\/csmdekor.hu\/wp-content\/uploads\/2024\/03\/Limazo_reklamdekor_800px-300x188.jpg 300w, https:\/\/csmdekor.hu\/wp-content\/uploads\/2024\/03\/Limazo_reklamdekor_800px-768x480.jpg 768w\" sizes=\"auto, (max-width: 800px) 100vw, 800px\" \/><div class=\"wp-block-cover__inner-container is-layout-constrained wp-block-cover-is-layout-constrained\">\n<p class=\"has-text-align-center has-medium-font-size\"><strong>V\u00c1LLALKOZ\u00c1SOK<\/strong><\/p>\n\n\n<\/div><\/div>\n<\/div>\n<\/div>\n<\/div>\n\n\n\n<div class=\"wp-block-column is-layout-flow wp-block-column-is-layout-flow\">\n<div class=\"wp-block-columns is-layout-flex wp-container-core-columns-is-layout-9d6595d7 wp-block-columns-is-layout-flex\">\n<div class=\"wp-block-column is-layout-flow wp-block-column-is-layout-flow\">\n<div class=\"wp-block-cover\" style=\"min-height:80px;aspect-ratio:unset;\"><span aria-hidden=\"true\" class=\"wp-block-cover__background has-black-background-color has-background-dim-40 has-background-dim\"><\/span><img loading=\"lazy\" decoding=\"async\" width=\"800\" height=\"500\" class=\"wp-block-cover__image-background wp-image-84\" alt=\"\" src=\"https:\/\/csmdekor.hu\/wp-content\/uploads\/2024\/03\/PB_kulterii-festes_800px-2.jpg\" data-object-fit=\"cover\" srcset=\"https:\/\/csmdekor.hu\/wp-content\/uploads\/2024\/03\/PB_kulterii-festes_800px-2.jpg 800w, https:\/\/csmdekor.hu\/wp-content\/uploads\/2024\/03\/PB_kulterii-festes_800px-2-300x188.jpg 300w, https:\/\/csmdekor.hu\/wp-content\/uploads\/2024\/03\/PB_kulterii-festes_800px-2-768x480.jpg 768w\" sizes=\"auto, (max-width: 800px) 100vw, 800px\" \/><div class=\"wp-block-cover__inner-container is-layout-constrained wp-block-cover-is-layout-constrained\">\n<p class=\"has-text-align-center\" style=\"font-size:20px\"><strong>\u00d6NKORM\u00c1NYZATOK<\/strong><\/p>\n\n\n<\/div><\/div>\n<\/div>\n\n\n\n<div class=\"wp-block-column is-layout-flow wp-block-column-is-layout-flow\">\n<div class=\"wp-block-cover\" style=\"min-height:80px;aspect-ratio:unset;\"><span aria-hidden=\"true\" class=\"wp-block-cover__background has-black-background-color has-background-dim-40 has-background-dim\"><\/span><img loading=\"lazy\" decoding=\"async\" width=\"800\" height=\"500\" class=\"wp-block-cover__image-background wp-image-1265\" alt=\"\" src=\"https:\/\/csmdekor.hu\/wp-content\/uploads\/2025\/01\/Homlokzati-belyegkep.jpg\" data-object-fit=\"cover\" srcset=\"https:\/\/csmdekor.hu\/wp-content\/uploads\/2025\/01\/Homlokzati-belyegkep.jpg 800w, https:\/\/csmdekor.hu\/wp-content\/uploads\/2025\/01\/Homlokzati-belyegkep-300x188.jpg 300w, https:\/\/csmdekor.hu\/wp-content\/uploads\/2025\/01\/Homlokzati-belyegkep-768x480.jpg 768w\" sizes=\"auto, (max-width: 800px) 100vw, 800px\" \/><div class=\"wp-block-cover__inner-container is-layout-constrained wp-block-cover-is-layout-constrained\">\n<p class=\"has-text-align-center has-medium-font-size\"><strong>HOMLOKZAT DEKOR<\/strong><\/p>\n\n\n<\/div><\/div>\n<\/div>\n\n\n\n<div class=\"wp-block-column is-layout-flow wp-block-column-is-layout-flow\">\n<div class=\"wp-block-cover\" style=\"min-height:80px;aspect-ratio:unset;\"><span aria-hidden=\"true\" class=\"wp-block-cover__background has-black-background-color has-background-dim-40 has-background-dim\"><\/span><img loading=\"lazy\" decoding=\"async\" width=\"800\" height=\"500\" class=\"wp-block-cover__image-background wp-image-1291\" alt=\"\" src=\"https:\/\/csmdekor.hu\/wp-content\/uploads\/2025\/01\/Graffiti-Mural-belyegkep.jpg\" data-object-fit=\"cover\" srcset=\"https:\/\/csmdekor.hu\/wp-content\/uploads\/2025\/01\/Graffiti-Mural-belyegkep.jpg 800w, https:\/\/csmdekor.hu\/wp-content\/uploads\/2025\/01\/Graffiti-Mural-belyegkep-300x188.jpg 300w, https:\/\/csmdekor.hu\/wp-content\/uploads\/2025\/01\/Graffiti-Mural-belyegkep-768x480.jpg 768w\" sizes=\"auto, (max-width: 800px) 100vw, 800px\" \/><div class=\"wp-block-cover__inner-container is-layout-constrained wp-block-cover-is-layout-constrained\">\n<p class=\"has-text-align-center has-medium-font-size\"><strong>GRAFFITI &amp; MURAL <\/strong><\/p>\n\n\n<\/div><\/div>\n<\/div>\n<\/div>\n<\/div>\n<\/div>\n\n\n\n\n\n\n<p>K\u00e9pek munk\u00e1r\u00f3l, k\u00fclt\u00e9ri dekor\u00e1ci\u00f3s fest\u00e9sr\u0151l, belt\u00e9ri dekorfest\u00e9sr\u0151l, fest\u00e9sr\u0151l munka k\u00f6zben, Graffiti &amp; Mural Art, \u00e9s minden ami Color Spray Mural!<\/p>\n\n\n\n\n\n\n\n\n<div class=\"wp-block-columns is-layout-flex wp-container-core-columns-is-layout-9d6595d7 wp-block-columns-is-layout-flex\">\n<div class=\"wp-block-column is-layout-flow wp-block-column-is-layout-flow\" style=\"flex-basis:25%\">\n<p>Lorem Ipsum has been the industry&#8217;s standard dummy text ever since the 1500s.<\/p>\n\n\n\n<p>Lorem Ipsum has been the industry&#8217;s standard dummy text ever since the 1500s.<\/p>\n\n\n\n<p>Lorem Ipsum has been the industry&#8217;s standard dummy text ever since the 1500s.<\/p>\n\n\n\n<p>Lorem Ipsum has been the industry&#8217;s standard dummy text ever since the 1500s.<\/p>\n\n\n\n<p>Lorem Ipsum has been the industry&#8217;s standard dummy text ever since the 1500s.<\/p>\n\n\n\n<p>Lorem Ipsum has been the industry&#8217;s standard dummy text ever since the 1500s.<\/p>\n\n\n\n<p>Lorem Ipsum has been the industry&#8217;s standard dummy text ever since the 1500s.<\/p>\n<\/div>\n\n\n\n<div class=\"wp-block-column is-layout-flow wp-block-column-is-layout-flow\" style=\"flex-basis:50%\">\n\n<div class=\"wp-block-columns is-layout-flex wp-container-core-columns-is-layout-9d6595d7 wp-block-columns-is-layout-flex\">\n<div class=\"wp-block-column is-layout-flow wp-block-column-is-layout-flow\">\n<p>Lorem Ipsum has been the industry&#8217;s standard dummy text ever since the 1500s.<\/p>\n\n\n\n<p>Lorem Ipsum has been the industry&#8217;s standard dummy text ever since the 1500s.<\/p>\n\n\n\n<p>Lorem Ipsum has been the industry&#8217;s standard dummy text ever since the 1500s.<\/p>\n<\/div>\n\n\n\n<div class=\"wp-block-column is-layout-flow wp-block-column-is-layout-flow\">\n<p>Lorem Ipsum has been the industry&#8217;s standard dummy text ever since the 1500s.<\/p>\n\n\n\n<p>Lorem Ipsum has been the industry&#8217;s standard dummy text ever since the 1500s.<\/p>\n\n\n\n<p>Lorem Ipsum has been the industry&#8217;s standard dummy text ever since the 1500s.<\/p>\n\n\n\n<p>Lorem Ipsum has been the industry&#8217;s standard dummy text ever since the 1500s.<\/p>\n<\/div>\n<\/div>\n\n\n\n<p>Lorem Ipsum has been the industry&#8217;s standard dummy text ever since the 1500s.<\/p>\n\n\n\n\n<div class=\"wp-block-columns is-layout-flex wp-container-core-columns-is-layout-9d6595d7 wp-block-columns-is-layout-flex\">\n<div class=\"wp-block-column is-layout-flow wp-block-column-is-layout-flow\">\n<p>Lorem Ipsum has been the industry&#8217;s standard dummy text ever since the 1500s.<\/p>\n<\/div>\n\n\n\n<div class=\"wp-block-column is-layout-flow wp-block-column-is-layout-flow\">\n<p>Lorem Ipsum has been the industry&#8217;s standard dummy text ever since the 1500s.<\/p>\n\n\n\n<p>Lorem Ipsum has been the industry&#8217;s standard dummy text ever since the 1500s.<\/p>\n<\/div>\n<\/div>\n\n\n\n<p>Lorem Ipsum has been the industry&#8217;s standard dummy text ever since the 1500s.<\/p>\n\n\n\n<p>Lorem Ipsum has been the industry&#8217;s standard dummy text ever since the 1500s.<\/p>\n\n\n\n<p>Lorem Ipsum has been the industry&#8217;s standard dummy text ever since the 1500s.<\/p>\n\n\n\n<p>Lorem Ipsum has been the industry&#8217;s standard dummy text ever since the 1500s.<\/p>\n<\/div>\n\n\n\n<div class=\"wp-block-column is-layout-flow wp-block-column-is-layout-flow\" style=\"flex-basis:25%\">\n<p>Lorem Ipsum has been the industry&#8217;s standard dummy text ever since the 1500s.<\/p>\n\n\n\n<p>Lorem Ipsum has been the industry&#8217;s standard dummy text ever since the 1500s.<\/p>\n\n\n\n<p>Lorem Ipsum has been the industry&#8217;s standard dummy text ever since the 1500s.<\/p>\n\n\n\n<p>Lorem Ipsum has been the industry&#8217;s standard dummy text ever since the 1500s.<\/p>\n\n\n\n<p>Lorem Ipsum has been the industry&#8217;s standard dummy text ever since the 1500s.<\/p>\n\n\n\n<p>Lorem Ipsum has been the industry&#8217;s standard dummy text ever since the 1500s.<\/p>\n\n\n\n<p>Lorem Ipsum has been the industry&#8217;s standard dummy text ever since the 1500s.<\/p>\n\n\n\n<p>Lorem Ipsum has been the industry&#8217;s standard dummy text ever since the 1500s.<\/p>\n<\/div>\n<\/div>\n\n\n\n<div class=\"wp-block-columns is-layout-flex wp-container-core-columns-is-layout-9d6595d7 wp-block-columns-is-layout-flex\">\n<div class=\"wp-block-column is-layout-flow wp-block-column-is-layout-flow\">\n<p>Lorem Ipsum has been the industry&#8217;s standard dummy text ever since the 1500s.<\/p>\n\n\n\n<p>Lorem Ipsum has been the industry&#8217;s standard dummy text ever since the 1500s.<\/p>\n\n\n\n<p>Lorem Ipsum has been the industry&#8217;s standard dummy text ever since the 1500s.<\/p>\n<\/div>\n\n\n\n<div class=\"wp-block-column is-layout-flow wp-block-column-is-layout-flow\">\n<div class=\"wp-block-columns is-layout-flex wp-container-core-columns-is-layout-9d6595d7 wp-block-columns-is-layout-flex\">\n<div class=\"wp-block-column is-layout-flow wp-block-column-is-layout-flow\">\n<p>Lorem Ipsum has been the industry&#8217;s standard dummy text ever since the 1500s.<\/p>\n\n\n\n<p>Lorem Ipsum has been the industry&#8217;s standard dummy text ever since the 1500s.<\/p>\n<\/div>\n\n\n\n<div class=\"wp-block-column is-layout-flow wp-block-column-is-layout-flow\">\n<p>Lorem Ipsum has been the industry&#8217;s standard dummy text ever since the 1500s.<\/p>\n<\/div>\n<\/div>\n\n\n\n<p>Lorem Ipsum has been the industry&#8217;s standard dummy text ever since the 1500s.<\/p>\n<\/div>\n<\/div>\n\n","protected":false},"excerpt":{"rendered":"","protected":false},"author":1,"featured_media":0,"parent":0,"menu_order":0,"comment_status":"closed","ping_status":"closed","template":"","meta":{"pagelayer_contact_templates":[],"_pagelayer_content":"","_monsterinsights_skip_tracking":false,"_monsterinsights_sitenote_active":false,"_monsterinsights_sitenote_note":"","_monsterinsights_sitenote_category":0,"footnotes":""},"class_list":["post-49","page","type-page","status-publish","hentry"],"yoast_head":"<!-- This site is optimized with the Yoast SEO plugin v22.3 - https:\/\/yoast.com\/wordpress\/plugins\/seo\/ -->\n<title>Gal\u00e9ria - csmdekor<\/title>\n<meta name=\"robots\" content=\"index, follow, max-snippet:-1, max-image-preview:large, max-video-preview:-1\" \/>\n<link rel=\"canonical\" href=\"https:\/\/csmdekor.hu\/?page_id=49\" \/>\n<meta property=\"og:locale\" content=\"hu_HU\" \/>\n<meta property=\"og:type\" content=\"article\" \/>\n<meta property=\"og:title\" content=\"Gal\u00e9ria - csmdekor\" \/>\n<meta property=\"og:url\" content=\"https:\/\/csmdekor.hu\/?page_id=49\" \/>\n<meta property=\"og:site_name\" content=\"csmdekor\" \/>\n<meta property=\"article:modified_time\" content=\"2025-01-28T21:09:50+00:00\" \/>\n<meta property=\"og:image\" content=\"https:\/\/csmdekor.hu\/wp-content\/uploads\/2025\/01\/Kulteri-belyegkep_00.jpg\" \/>\n<meta name=\"twitter:card\" content=\"summary_large_image\" \/>\n<meta name=\"twitter:label1\" content=\"Becs\u00fclt olvas\u00e1si id\u0151\" \/>\n\t<meta name=\"twitter:data1\" content=\"5 perc\" \/>\n<script type=\"application\/ld+json\" class=\"yoast-schema-graph\">{\"@context\":\"https:\/\/schema.org\",\"@graph\":[{\"@type\":\"WebPage\",\"@id\":\"https:\/\/csmdekor.hu\/?page_id=49\",\"url\":\"https:\/\/csmdekor.hu\/?page_id=49\",\"name\":\"Gal\u00e9ria - csmdekor\",\"isPartOf\":{\"@id\":\"https:\/\/csmdekor.hu\/#website\"},\"primaryImageOfPage\":{\"@id\":\"https:\/\/csmdekor.hu\/?page_id=49#primaryimage\"},\"image\":{\"@id\":\"https:\/\/csmdekor.hu\/?page_id=49#primaryimage\"},\"thumbnailUrl\":\"https:\/\/csmdekor.hu\/wp-content\/uploads\/2025\/01\/Kulteri-belyegkep_00.jpg\",\"datePublished\":\"2024-03-28T12:11:41+00:00\",\"dateModified\":\"2025-01-28T21:09:50+00:00\",\"breadcrumb\":{\"@id\":\"https:\/\/csmdekor.hu\/?page_id=49#breadcrumb\"},\"inLanguage\":\"hu\",\"potentialAction\":[{\"@type\":\"ReadAction\",\"target\":[\"https:\/\/csmdekor.hu\/?page_id=49\"]}]},{\"@type\":\"ImageObject\",\"inLanguage\":\"hu\",\"@id\":\"https:\/\/csmdekor.hu\/?page_id=49#primaryimage\",\"url\":\"https:\/\/csmdekor.hu\/wp-content\/uploads\/2025\/01\/Kulteri-belyegkep_00.jpg\",\"contentUrl\":\"https:\/\/csmdekor.hu\/wp-content\/uploads\/2025\/01\/Kulteri-belyegkep_00.jpg\",\"width\":800,\"height\":500},{\"@type\":\"BreadcrumbList\",\"@id\":\"https:\/\/csmdekor.hu\/?page_id=49#breadcrumb\",\"itemListElement\":[{\"@type\":\"ListItem\",\"position\":1,\"name\":\"Home\",\"item\":\"https:\/\/csmdekor.hu\/\"},{\"@type\":\"ListItem\",\"position\":2,\"name\":\"Gal\u00e9ria\"}]},{\"@type\":\"WebSite\",\"@id\":\"https:\/\/csmdekor.hu\/#website\",\"url\":\"https:\/\/csmdekor.hu\/\",\"name\":\"csmdekor\",\"description\":\"csmdekor\",\"potentialAction\":[{\"@type\":\"SearchAction\",\"target\":{\"@type\":\"EntryPoint\",\"urlTemplate\":\"https:\/\/csmdekor.hu\/?s={search_term_string}\"},\"query-input\":\"required name=search_term_string\"}],\"inLanguage\":\"hu\"}]}<\/script>\n<!-- \/ Yoast SEO plugin. -->","yoast_head_json":{"title":"Gal\u00e9ria - csmdekor","robots":{"index":"index","follow":"follow","max-snippet":"max-snippet:-1","max-image-preview":"max-image-preview:large","max-video-preview":"max-video-preview:-1"},"canonical":"https:\/\/csmdekor.hu\/?page_id=49","og_locale":"hu_HU","og_type":"article","og_title":"Gal\u00e9ria - csmdekor","og_url":"https:\/\/csmdekor.hu\/?page_id=49","og_site_name":"csmdekor","article_modified_time":"2025-01-28T21:09:50+00:00","og_image":[{"url":"https:\/\/csmdekor.hu\/wp-content\/uploads\/2025\/01\/Kulteri-belyegkep_00.jpg"}],"twitter_card":"summary_large_image","twitter_misc":{"Becs\u00fclt olvas\u00e1si id\u0151":"5 perc"},"schema":{"@context":"https:\/\/schema.org","@graph":[{"@type":"WebPage","@id":"https:\/\/csmdekor.hu\/?page_id=49","url":"https:\/\/csmdekor.hu\/?page_id=49","name":"Gal\u00e9ria - csmdekor","isPartOf":{"@id":"https:\/\/csmdekor.hu\/#website"},"primaryImageOfPage":{"@id":"https:\/\/csmdekor.hu\/?page_id=49#primaryimage"},"image":{"@id":"https:\/\/csmdekor.hu\/?page_id=49#primaryimage"},"thumbnailUrl":"https:\/\/csmdekor.hu\/wp-content\/uploads\/2025\/01\/Kulteri-belyegkep_00.jpg","datePublished":"2024-03-28T12:11:41+00:00","dateModified":"2025-01-28T21:09:50+00:00","breadcrumb":{"@id":"https:\/\/csmdekor.hu\/?page_id=49#breadcrumb"},"inLanguage":"hu","potentialAction":[{"@type":"ReadAction","target":["https:\/\/csmdekor.hu\/?page_id=49"]}]},{"@type":"ImageObject","inLanguage":"hu","@id":"https:\/\/csmdekor.hu\/?page_id=49#primaryimage","url":"https:\/\/csmdekor.hu\/wp-content\/uploads\/2025\/01\/Kulteri-belyegkep_00.jpg","contentUrl":"https:\/\/csmdekor.hu\/wp-content\/uploads\/2025\/01\/Kulteri-belyegkep_00.jpg","width":800,"height":500},{"@type":"BreadcrumbList","@id":"https:\/\/csmdekor.hu\/?page_id=49#breadcrumb","itemListElement":[{"@type":"ListItem","position":1,"name":"Home","item":"https:\/\/csmdekor.hu\/"},{"@type":"ListItem","position":2,"name":"Gal\u00e9ria"}]},{"@type":"WebSite","@id":"https:\/\/csmdekor.hu\/#website","url":"https:\/\/csmdekor.hu\/","name":"csmdekor","description":"csmdekor","potentialAction":[{"@type":"SearchAction","target":{"@type":"EntryPoint","urlTemplate":"https:\/\/csmdekor.hu\/?s={search_term_string}"},"query-input":"required name=search_term_string"}],"inLanguage":"hu"}]}},"_links":{"self":[{"href":"https:\/\/csmdekor.hu\/index.php?rest_route=\/wp\/v2\/pages\/49","targetHints":{"allow":["GET"]}}],"collection":[{"href":"https:\/\/csmdekor.hu\/index.php?rest_route=\/wp\/v2\/pages"}],"about":[{"href":"https:\/\/csmdekor.hu\/index.php?rest_route=\/wp\/v2\/types\/page"}],"author":[{"embeddable":true,"href":"https:\/\/csmdekor.hu\/index.php?rest_route=\/wp\/v2\/users\/1"}],"replies":[{"embeddable":true,"href":"https:\/\/csmdekor.hu\/index.php?rest_route=%2Fwp%2Fv2%2Fcomments&post=49"}],"version-history":[{"count":75,"href":"https:\/\/csmdekor.hu\/index.php?rest_route=\/wp\/v2\/pages\/49\/revisions"}],"predecessor-version":[{"id":1764,"href":"https:\/\/csmdekor.hu\/index.php?rest_route=\/wp\/v2\/pages\/49\/revisions\/1764"}],"wp:attachment":[{"href":"https:\/\/csmdekor.hu\/index.php?rest_route=%2Fwp%2Fv2%2Fmedia&parent=49"}],"curies":[{"name":"wp","href":"https:\/\/api.w.org\/{rel}","templated":true}]}}