{"id":461,"date":"2024-07-01T18:45:06","date_gmt":"2024-07-01T18:45:06","guid":{"rendered":"https:\/\/csmdekor.hu\/?page_id=461"},"modified":"2026-03-07T18:58:37","modified_gmt":"2026-03-07T18:58:37","slug":"munkaim","status":"publish","type":"page","link":"https:\/\/csmdekor.hu\/?page_id=461","title":{"rendered":"Munk\u00e1im"},"content":{"rendered":"\n\n\n<h3>KATEG\u00d3RI\u00c1K<\/h3>\n\n\n\n\n\n\n<div class=\"wp-block-columns is-layout-flex wp-container-core-columns-is-layout-9d6595d7 wp-block-columns-is-layout-flex\">\n<div class=\"wp-block-column is-layout-flow wp-block-column-is-layout-flow\">\n<div class=\"wp-block-columns is-layout-flex wp-container-core-columns-is-layout-9d6595d7 wp-block-columns-is-layout-flex\">\n<div class=\"wp-block-column is-layout-flow wp-block-column-is-layout-flow\">\n<div class=\"wp-block-cover\" style=\"min-height:80px;aspect-ratio:unset;\"><img loading=\"lazy\" decoding=\"async\" width=\"800\" height=\"500\" class=\"wp-block-cover__image-background wp-image-971\" alt=\"\" src=\"https:\/\/csmdekor.hu\/wp-content\/uploads\/2025\/01\/Kulteri-belyegkep_00.jpg\" data-object-fit=\"cover\" srcset=\"https:\/\/csmdekor.hu\/wp-content\/uploads\/2025\/01\/Kulteri-belyegkep_00.jpg 800w, https:\/\/csmdekor.hu\/wp-content\/uploads\/2025\/01\/Kulteri-belyegkep_00-300x188.jpg 300w, https:\/\/csmdekor.hu\/wp-content\/uploads\/2025\/01\/Kulteri-belyegkep_00-768x480.jpg 768w\" sizes=\"auto, (max-width: 800px) 100vw, 800px\" \/><span aria-hidden=\"true\" class=\"wp-block-cover__background has-black-background-color has-background-dim-40 has-background-dim\"><\/span><div class=\"wp-block-cover__inner-container is-layout-constrained wp-block-cover-is-layout-constrained\">\n<p class=\"has-text-align-center has-medium-font-size\"><strong>K\u00dcLT\u00c9RI DEKOR<\/strong><\/p>\n\n\n<\/div><\/div>\n<\/div>\n\n\n\n<div class=\"wp-block-column is-layout-flow wp-block-column-is-layout-flow\">\n<div class=\"wp-block-cover\" style=\"min-height:80px;aspect-ratio:unset;\"><img loading=\"lazy\" decoding=\"async\" width=\"800\" height=\"500\" class=\"wp-block-cover__image-background wp-image-1113\" alt=\"\" src=\"https:\/\/csmdekor.hu\/wp-content\/uploads\/2025\/01\/Belteri-belyegkep.jpg\" data-object-fit=\"cover\" srcset=\"https:\/\/csmdekor.hu\/wp-content\/uploads\/2025\/01\/Belteri-belyegkep.jpg 800w, https:\/\/csmdekor.hu\/wp-content\/uploads\/2025\/01\/Belteri-belyegkep-300x188.jpg 300w, https:\/\/csmdekor.hu\/wp-content\/uploads\/2025\/01\/Belteri-belyegkep-768x480.jpg 768w\" sizes=\"auto, (max-width: 800px) 100vw, 800px\" \/><span aria-hidden=\"true\" class=\"wp-block-cover__background has-black-background-color has-background-dim-40 has-background-dim\"><\/span><div class=\"wp-block-cover__inner-container is-layout-constrained wp-block-cover-is-layout-constrained\">\n<p class=\"has-text-align-center has-medium-font-size\"><strong>BELT\u00c9RI DEKOR<\/strong><\/p>\n\n\n<\/div><\/div>\n<\/div>\n\n\n\n<div class=\"wp-block-column is-layout-flow wp-block-column-is-layout-flow\">\n<div class=\"wp-block-cover\" style=\"min-height:80px;aspect-ratio:unset;\"><img loading=\"lazy\" decoding=\"async\" width=\"800\" height=\"500\" class=\"wp-block-cover__image-background wp-image-81\" alt=\"\" src=\"https:\/\/csmdekor.hu\/wp-content\/uploads\/2024\/03\/Limazo_reklamdekor_800px.jpg\" data-object-fit=\"cover\" srcset=\"https:\/\/csmdekor.hu\/wp-content\/uploads\/2024\/03\/Limazo_reklamdekor_800px.jpg 800w, https:\/\/csmdekor.hu\/wp-content\/uploads\/2024\/03\/Limazo_reklamdekor_800px-300x188.jpg 300w, https:\/\/csmdekor.hu\/wp-content\/uploads\/2024\/03\/Limazo_reklamdekor_800px-768x480.jpg 768w\" sizes=\"auto, (max-width: 800px) 100vw, 800px\" \/><span aria-hidden=\"true\" class=\"wp-block-cover__background has-black-background-color has-background-dim-40 has-background-dim\"><\/span><div class=\"wp-block-cover__inner-container is-layout-constrained wp-block-cover-is-layout-constrained\">\n<p class=\"has-text-align-center has-medium-font-size\"><strong>V\u00c1LLALKOZ\u00c1SOK<\/strong><\/p>\n\n\n<\/div><\/div>\n<\/div>\n<\/div>\n<\/div>\n\n\n\n<div class=\"wp-block-column is-layout-flow wp-block-column-is-layout-flow\">\n<div class=\"wp-block-columns is-layout-flex wp-container-core-columns-is-layout-9d6595d7 wp-block-columns-is-layout-flex\">\n<div class=\"wp-block-column is-layout-flow wp-block-column-is-layout-flow\">\n<div class=\"wp-block-cover\" style=\"min-height:80px;aspect-ratio:unset;\"><img loading=\"lazy\" decoding=\"async\" width=\"800\" height=\"500\" class=\"wp-block-cover__image-background wp-image-84\" alt=\"\" src=\"https:\/\/csmdekor.hu\/wp-content\/uploads\/2024\/03\/PB_kulterii-festes_800px-2.jpg\" data-object-fit=\"cover\" srcset=\"https:\/\/csmdekor.hu\/wp-content\/uploads\/2024\/03\/PB_kulterii-festes_800px-2.jpg 800w, https:\/\/csmdekor.hu\/wp-content\/uploads\/2024\/03\/PB_kulterii-festes_800px-2-300x188.jpg 300w, https:\/\/csmdekor.hu\/wp-content\/uploads\/2024\/03\/PB_kulterii-festes_800px-2-768x480.jpg 768w\" sizes=\"auto, (max-width: 800px) 100vw, 800px\" \/><span aria-hidden=\"true\" class=\"wp-block-cover__background has-black-background-color has-background-dim-40 has-background-dim\"><\/span><div class=\"wp-block-cover__inner-container is-layout-constrained wp-block-cover-is-layout-constrained\">\n<p class=\"has-text-align-center\" style=\"font-size:20px\"><strong>\u00d6NKORM\u00c1NYZATOK<\/strong><\/p>\n\n\n<\/div><\/div>\n<\/div>\n\n\n\n<div class=\"wp-block-column is-layout-flow wp-block-column-is-layout-flow\">\n<div class=\"wp-block-cover\" style=\"min-height:80px;aspect-ratio:unset;\"><img loading=\"lazy\" decoding=\"async\" width=\"800\" height=\"500\" class=\"wp-block-cover__image-background wp-image-1265\" alt=\"\" src=\"https:\/\/csmdekor.hu\/wp-content\/uploads\/2025\/01\/Homlokzati-belyegkep.jpg\" data-object-fit=\"cover\" srcset=\"https:\/\/csmdekor.hu\/wp-content\/uploads\/2025\/01\/Homlokzati-belyegkep.jpg 800w, https:\/\/csmdekor.hu\/wp-content\/uploads\/2025\/01\/Homlokzati-belyegkep-300x188.jpg 300w, https:\/\/csmdekor.hu\/wp-content\/uploads\/2025\/01\/Homlokzati-belyegkep-768x480.jpg 768w\" sizes=\"auto, (max-width: 800px) 100vw, 800px\" \/><span aria-hidden=\"true\" class=\"wp-block-cover__background has-black-background-color has-background-dim-40 has-background-dim\"><\/span><div class=\"wp-block-cover__inner-container is-layout-constrained wp-block-cover-is-layout-constrained\">\n<p class=\"has-text-align-center has-medium-font-size\"><strong>HOMLOKZAT DEKOR<\/strong><\/p>\n\n\n<\/div><\/div>\n<\/div>\n\n\n\n<div class=\"wp-block-column is-layout-flow wp-block-column-is-layout-flow\">\n<div class=\"wp-block-cover\" style=\"min-height:80px;aspect-ratio:unset;\"><img loading=\"lazy\" decoding=\"async\" width=\"800\" height=\"500\" class=\"wp-block-cover__image-background wp-image-1291\" alt=\"\" src=\"https:\/\/csmdekor.hu\/wp-content\/uploads\/2025\/01\/Graffiti-Mural-belyegkep.jpg\" data-object-fit=\"cover\" srcset=\"https:\/\/csmdekor.hu\/wp-content\/uploads\/2025\/01\/Graffiti-Mural-belyegkep.jpg 800w, https:\/\/csmdekor.hu\/wp-content\/uploads\/2025\/01\/Graffiti-Mural-belyegkep-300x188.jpg 300w, https:\/\/csmdekor.hu\/wp-content\/uploads\/2025\/01\/Graffiti-Mural-belyegkep-768x480.jpg 768w\" sizes=\"auto, (max-width: 800px) 100vw, 800px\" \/><span aria-hidden=\"true\" class=\"wp-block-cover__background has-black-background-color has-background-dim-40 has-background-dim\"><\/span><div class=\"wp-block-cover__inner-container is-layout-constrained wp-block-cover-is-layout-constrained\">\n<p class=\"has-text-align-center has-medium-font-size\"><strong>GRAFFITI &amp; MURAL <\/strong><\/p>\n\n\n<\/div><\/div>\n<\/div>\n<\/div>\n\n\n\n<div class=\"wp-block-columns is-layout-flex wp-container-core-columns-is-layout-9d6595d7 wp-block-columns-is-layout-flex\">\n<div class=\"wp-block-column is-layout-flow wp-block-column-is-layout-flow\"><\/div>\n\n\n\n<div class=\"wp-block-column is-layout-flow wp-block-column-is-layout-flow\"><\/div>\n\n\n\n<div class=\"wp-block-column is-layout-flow wp-block-column-is-layout-flow\"><\/div>\n<\/div>\n<\/div>\n<\/div>\n\n\n\n\n\n\n<h3>MUNK\u00c1IM<\/h3>\n\n\n\n\n\n\n","protected":false},"excerpt":{"rendered":"","protected":false},"author":1,"featured_media":0,"parent":0,"menu_order":0,"comment_status":"closed","ping_status":"closed","template":"","meta":{"pagelayer_contact_templates":[],"_pagelayer_content":"","_monsterinsights_skip_tracking":false,"_monsterinsights_sitenote_active":false,"_monsterinsights_sitenote_note":"","_monsterinsights_sitenote_category":0,"footnotes":""},"class_list":["post-461","page","type-page","status-publish","hentry"],"yoast_head":"<!-- This site is optimized with the Yoast SEO plugin v22.3 - https:\/\/yoast.com\/wordpress\/plugins\/seo\/ -->\n<title>Munk\u00e1im - csmdekor<\/title>\n<meta name=\"robots\" content=\"index, follow, max-snippet:-1, max-image-preview:large, max-video-preview:-1\" \/>\n<link rel=\"canonical\" href=\"https:\/\/csmdekor.hu\/?page_id=461\" \/>\n<meta property=\"og:locale\" content=\"hu_HU\" \/>\n<meta property=\"og:type\" content=\"article\" \/>\n<meta property=\"og:title\" content=\"Munk\u00e1im - csmdekor\" \/>\n<meta property=\"og:url\" content=\"https:\/\/csmdekor.hu\/?page_id=461\" \/>\n<meta property=\"og:site_name\" content=\"csmdekor\" \/>\n<meta property=\"article:modified_time\" content=\"2026-03-07T18:58:37+00:00\" \/>\n<meta property=\"og:image\" content=\"https:\/\/csmdekor.hu\/wp-content\/uploads\/2025\/01\/Kulteri-belyegkep_00.jpg\" \/>\n<meta name=\"twitter:card\" content=\"summary_large_image\" \/>\n<meta name=\"twitter:label1\" content=\"Becs\u00fclt olvas\u00e1si id\u0151\" \/>\n\t<meta name=\"twitter:data1\" content=\"2 perc\" \/>\n<script type=\"application\/ld+json\" class=\"yoast-schema-graph\">{\"@context\":\"https:\/\/schema.org\",\"@graph\":[{\"@type\":\"WebPage\",\"@id\":\"https:\/\/csmdekor.hu\/?page_id=461\",\"url\":\"https:\/\/csmdekor.hu\/?page_id=461\",\"name\":\"Munk\u00e1im - csmdekor\",\"isPartOf\":{\"@id\":\"https:\/\/csmdekor.hu\/#website\"},\"primaryImageOfPage\":{\"@id\":\"https:\/\/csmdekor.hu\/?page_id=461#primaryimage\"},\"image\":{\"@id\":\"https:\/\/csmdekor.hu\/?page_id=461#primaryimage\"},\"thumbnailUrl\":\"https:\/\/csmdekor.hu\/wp-content\/uploads\/2025\/01\/Kulteri-belyegkep_00.jpg\",\"datePublished\":\"2024-07-01T18:45:06+00:00\",\"dateModified\":\"2026-03-07T18:58:37+00:00\",\"breadcrumb\":{\"@id\":\"https:\/\/csmdekor.hu\/?page_id=461#breadcrumb\"},\"inLanguage\":\"hu\",\"potentialAction\":[{\"@type\":\"ReadAction\",\"target\":[\"https:\/\/csmdekor.hu\/?page_id=461\"]}]},{\"@type\":\"ImageObject\",\"inLanguage\":\"hu\",\"@id\":\"https:\/\/csmdekor.hu\/?page_id=461#primaryimage\",\"url\":\"https:\/\/csmdekor.hu\/wp-content\/uploads\/2025\/01\/Kulteri-belyegkep_00.jpg\",\"contentUrl\":\"https:\/\/csmdekor.hu\/wp-content\/uploads\/2025\/01\/Kulteri-belyegkep_00.jpg\",\"width\":800,\"height\":500},{\"@type\":\"BreadcrumbList\",\"@id\":\"https:\/\/csmdekor.hu\/?page_id=461#breadcrumb\",\"itemListElement\":[{\"@type\":\"ListItem\",\"position\":1,\"name\":\"Home\",\"item\":\"https:\/\/csmdekor.hu\/\"},{\"@type\":\"ListItem\",\"position\":2,\"name\":\"Munk\u00e1im\"}]},{\"@type\":\"WebSite\",\"@id\":\"https:\/\/csmdekor.hu\/#website\",\"url\":\"https:\/\/csmdekor.hu\/\",\"name\":\"csmdekor\",\"description\":\"csmdekor\",\"potentialAction\":[{\"@type\":\"SearchAction\",\"target\":{\"@type\":\"EntryPoint\",\"urlTemplate\":\"https:\/\/csmdekor.hu\/?s={search_term_string}\"},\"query-input\":\"required name=search_term_string\"}],\"inLanguage\":\"hu\"}]}<\/script>\n<!-- \/ Yoast SEO plugin. -->","yoast_head_json":{"title":"Munk\u00e1im - csmdekor","robots":{"index":"index","follow":"follow","max-snippet":"max-snippet:-1","max-image-preview":"max-image-preview:large","max-video-preview":"max-video-preview:-1"},"canonical":"https:\/\/csmdekor.hu\/?page_id=461","og_locale":"hu_HU","og_type":"article","og_title":"Munk\u00e1im - csmdekor","og_url":"https:\/\/csmdekor.hu\/?page_id=461","og_site_name":"csmdekor","article_modified_time":"2026-03-07T18:58:37+00:00","og_image":[{"url":"https:\/\/csmdekor.hu\/wp-content\/uploads\/2025\/01\/Kulteri-belyegkep_00.jpg"}],"twitter_card":"summary_large_image","twitter_misc":{"Becs\u00fclt olvas\u00e1si id\u0151":"2 perc"},"schema":{"@context":"https:\/\/schema.org","@graph":[{"@type":"WebPage","@id":"https:\/\/csmdekor.hu\/?page_id=461","url":"https:\/\/csmdekor.hu\/?page_id=461","name":"Munk\u00e1im - csmdekor","isPartOf":{"@id":"https:\/\/csmdekor.hu\/#website"},"primaryImageOfPage":{"@id":"https:\/\/csmdekor.hu\/?page_id=461#primaryimage"},"image":{"@id":"https:\/\/csmdekor.hu\/?page_id=461#primaryimage"},"thumbnailUrl":"https:\/\/csmdekor.hu\/wp-content\/uploads\/2025\/01\/Kulteri-belyegkep_00.jpg","datePublished":"2024-07-01T18:45:06+00:00","dateModified":"2026-03-07T18:58:37+00:00","breadcrumb":{"@id":"https:\/\/csmdekor.hu\/?page_id=461#breadcrumb"},"inLanguage":"hu","potentialAction":[{"@type":"ReadAction","target":["https:\/\/csmdekor.hu\/?page_id=461"]}]},{"@type":"ImageObject","inLanguage":"hu","@id":"https:\/\/csmdekor.hu\/?page_id=461#primaryimage","url":"https:\/\/csmdekor.hu\/wp-content\/uploads\/2025\/01\/Kulteri-belyegkep_00.jpg","contentUrl":"https:\/\/csmdekor.hu\/wp-content\/uploads\/2025\/01\/Kulteri-belyegkep_00.jpg","width":800,"height":500},{"@type":"BreadcrumbList","@id":"https:\/\/csmdekor.hu\/?page_id=461#breadcrumb","itemListElement":[{"@type":"ListItem","position":1,"name":"Home","item":"https:\/\/csmdekor.hu\/"},{"@type":"ListItem","position":2,"name":"Munk\u00e1im"}]},{"@type":"WebSite","@id":"https:\/\/csmdekor.hu\/#website","url":"https:\/\/csmdekor.hu\/","name":"csmdekor","description":"csmdekor","potentialAction":[{"@type":"SearchAction","target":{"@type":"EntryPoint","urlTemplate":"https:\/\/csmdekor.hu\/?s={search_term_string}"},"query-input":"required name=search_term_string"}],"inLanguage":"hu"}]}},"_links":{"self":[{"href":"https:\/\/csmdekor.hu\/index.php?rest_route=\/wp\/v2\/pages\/461","targetHints":{"allow":["GET"]}}],"collection":[{"href":"https:\/\/csmdekor.hu\/index.php?rest_route=\/wp\/v2\/pages"}],"about":[{"href":"https:\/\/csmdekor.hu\/index.php?rest_route=\/wp\/v2\/types\/page"}],"author":[{"embeddable":true,"href":"https:\/\/csmdekor.hu\/index.php?rest_route=\/wp\/v2\/users\/1"}],"replies":[{"embeddable":true,"href":"https:\/\/csmdekor.hu\/index.php?rest_route=%2Fwp%2Fv2%2Fcomments&post=461"}],"version-history":[{"count":101,"href":"https:\/\/csmdekor.hu\/index.php?rest_route=\/wp\/v2\/pages\/461\/revisions"}],"predecessor-version":[{"id":1875,"href":"https:\/\/csmdekor.hu\/index.php?rest_route=\/wp\/v2\/pages\/461\/revisions\/1875"}],"wp:attachment":[{"href":"https:\/\/csmdekor.hu\/index.php?rest_route=%2Fwp%2Fv2%2Fmedia&parent=461"}],"curies":[{"name":"wp","href":"https:\/\/api.w.org\/{rel}","templated":true}]}}