{"id":1269,"date":"2025-01-25T17:03:30","date_gmt":"2025-01-25T17:03:30","guid":{"rendered":"https:\/\/csmdekor.hu\/?page_id=1269"},"modified":"2026-02-15T19:36:14","modified_gmt":"2026-02-15T19:36:14","slug":"graffiti-mural-art","status":"publish","type":"page","link":"https:\/\/csmdekor.hu\/?page_id=1269","title":{"rendered":"Graffiti &amp; Mural Art"},"content":{"rendered":"\n\n\n\n<h3><strong>Graffiti &amp; Mural Art<\/strong><\/h3>\n\n\n\n\n\n\n\n\n<div class=\"wp-block-columns is-layout-flex wp-container-core-columns-is-layout-9d6595d7 wp-block-columns-is-layout-flex\">\n<div class=\"wp-block-column is-layout-flow wp-block-column-is-layout-flow\">\n<p><strong>Szeretn\u00e9d a falfel\u00fcletedet kieg\u00e9sz\u00edteni a Graffiti vagy\u00a0Street\u00a0Art vil\u00e1g\u00e1val? Remek \u00f6tlet! Manaps\u00e1g egyre t\u00f6bben v\u00e1lasztj\u00e1k ezt a megold\u00e1st sz\u00f3rakoz\u00f3helyek, \u00fczletek, pr\u00f3batermek, t\u00e1nctermek, egyes\u00fcletek, k\u00f6rnyezet\u00fck fiatalosabb\u00e1 &#8222;gett\u00f3sabb\u00e1&#8221; t\u00e9tel\u00e9re. Keress bizalommal ezzel kapcsolatban is!<\/strong><\/p>\n<\/div>\n<\/div>\n\n\n\n\n<p>A teljess\u00e9g ig\u00e9nye n\u00e9lk\u00fcl \u00edme n\u00e9h\u00e1ny munk\u00e1m, olyan \u00fcgyfeleimt\u0151l akik \u00edgy gondolkodnak. Tov\u00e1bbi tartalmak\u00e9rt k\u00f6vess be!<\/p>\n\n\n\n\n\n<div class=\"wp-block-columns is-layout-flex wp-container-core-columns-is-layout-9d6595d7 wp-block-columns-is-layout-flex\">\n<div class=\"wp-block-column is-layout-flow wp-block-column-is-layout-flow\"><\/div>\n\n\n\n<div class=\"wp-block-column is-layout-flow wp-block-column-is-layout-flow\">\n\n<div class=\"wp-block-columns is-layout-flex wp-container-core-columns-is-layout-9d6595d7 wp-block-columns-is-layout-flex\">\n<div class=\"wp-block-column is-layout-flow wp-block-column-is-layout-flow\"><\/div>\n\n\n\n<div class=\"wp-block-column is-layout-flow wp-block-column-is-layout-flow\"><\/div>\n\n\n\n<div class=\"wp-block-column is-layout-flow wp-block-column-is-layout-flow\"><\/div>\n<\/div>\n\n<\/div>\n\n\n\n<div class=\"wp-block-column is-layout-flow wp-block-column-is-layout-flow\"><\/div>\n<\/div>\n\n\n\n\n<div class=\"wp-block-columns is-layout-flex wp-container-core-columns-is-layout-9d6595d7 wp-block-columns-is-layout-flex\">\n<div class=\"wp-block-column is-layout-flow wp-block-column-is-layout-flow\" style=\"flex-basis:100%\"><\/div>\n<\/div>\n","protected":false},"excerpt":{"rendered":"","protected":false},"author":1,"featured_media":0,"parent":0,"menu_order":0,"comment_status":"closed","ping_status":"closed","template":"","meta":{"pagelayer_contact_templates":[],"_pagelayer_content":"","_monsterinsights_skip_tracking":false,"_monsterinsights_sitenote_active":false,"_monsterinsights_sitenote_note":"","_monsterinsights_sitenote_category":0,"footnotes":""},"class_list":["post-1269","page","type-page","status-publish","hentry"],"yoast_head":"<!-- This site is optimized with the Yoast SEO plugin v22.3 - https:\/\/yoast.com\/wordpress\/plugins\/seo\/ -->\n<title>Graffiti &amp; Mural Art - csmdekor<\/title>\n<meta name=\"robots\" content=\"index, follow, max-snippet:-1, max-image-preview:large, max-video-preview:-1\" \/>\n<link rel=\"canonical\" href=\"https:\/\/csmdekor.hu\/?page_id=1269\" \/>\n<meta property=\"og:locale\" content=\"hu_HU\" \/>\n<meta property=\"og:type\" content=\"article\" \/>\n<meta property=\"og:title\" content=\"Graffiti &amp; Mural Art - csmdekor\" \/>\n<meta property=\"og:url\" content=\"https:\/\/csmdekor.hu\/?page_id=1269\" \/>\n<meta property=\"og:site_name\" content=\"csmdekor\" \/>\n<meta property=\"article:modified_time\" content=\"2026-02-15T19:36:14+00:00\" \/>\n<meta name=\"twitter:card\" content=\"summary_large_image\" \/>\n<meta name=\"twitter:label1\" content=\"Becs\u00fclt olvas\u00e1si id\u0151\" \/>\n\t<meta name=\"twitter:data1\" content=\"1 perc\" \/>\n<script type=\"application\/ld+json\" class=\"yoast-schema-graph\">{\"@context\":\"https:\/\/schema.org\",\"@graph\":[{\"@type\":\"WebPage\",\"@id\":\"https:\/\/csmdekor.hu\/?page_id=1269\",\"url\":\"https:\/\/csmdekor.hu\/?page_id=1269\",\"name\":\"Graffiti &amp; Mural Art - csmdekor\",\"isPartOf\":{\"@id\":\"https:\/\/csmdekor.hu\/#website\"},\"datePublished\":\"2025-01-25T17:03:30+00:00\",\"dateModified\":\"2026-02-15T19:36:14+00:00\",\"breadcrumb\":{\"@id\":\"https:\/\/csmdekor.hu\/?page_id=1269#breadcrumb\"},\"inLanguage\":\"hu\",\"potentialAction\":[{\"@type\":\"ReadAction\",\"target\":[\"https:\/\/csmdekor.hu\/?page_id=1269\"]}]},{\"@type\":\"BreadcrumbList\",\"@id\":\"https:\/\/csmdekor.hu\/?page_id=1269#breadcrumb\",\"itemListElement\":[{\"@type\":\"ListItem\",\"position\":1,\"name\":\"Home\",\"item\":\"https:\/\/csmdekor.hu\/\"},{\"@type\":\"ListItem\",\"position\":2,\"name\":\"Graffiti &amp; Mural Art\"}]},{\"@type\":\"WebSite\",\"@id\":\"https:\/\/csmdekor.hu\/#website\",\"url\":\"https:\/\/csmdekor.hu\/\",\"name\":\"csmdekor\",\"description\":\"csmdekor\",\"potentialAction\":[{\"@type\":\"SearchAction\",\"target\":{\"@type\":\"EntryPoint\",\"urlTemplate\":\"https:\/\/csmdekor.hu\/?s={search_term_string}\"},\"query-input\":\"required name=search_term_string\"}],\"inLanguage\":\"hu\"}]}<\/script>\n<!-- \/ Yoast SEO plugin. -->","yoast_head_json":{"title":"Graffiti &amp; Mural Art - csmdekor","robots":{"index":"index","follow":"follow","max-snippet":"max-snippet:-1","max-image-preview":"max-image-preview:large","max-video-preview":"max-video-preview:-1"},"canonical":"https:\/\/csmdekor.hu\/?page_id=1269","og_locale":"hu_HU","og_type":"article","og_title":"Graffiti &amp; Mural Art - csmdekor","og_url":"https:\/\/csmdekor.hu\/?page_id=1269","og_site_name":"csmdekor","article_modified_time":"2026-02-15T19:36:14+00:00","twitter_card":"summary_large_image","twitter_misc":{"Becs\u00fclt olvas\u00e1si id\u0151":"1 perc"},"schema":{"@context":"https:\/\/schema.org","@graph":[{"@type":"WebPage","@id":"https:\/\/csmdekor.hu\/?page_id=1269","url":"https:\/\/csmdekor.hu\/?page_id=1269","name":"Graffiti &amp; Mural Art - csmdekor","isPartOf":{"@id":"https:\/\/csmdekor.hu\/#website"},"datePublished":"2025-01-25T17:03:30+00:00","dateModified":"2026-02-15T19:36:14+00:00","breadcrumb":{"@id":"https:\/\/csmdekor.hu\/?page_id=1269#breadcrumb"},"inLanguage":"hu","potentialAction":[{"@type":"ReadAction","target":["https:\/\/csmdekor.hu\/?page_id=1269"]}]},{"@type":"BreadcrumbList","@id":"https:\/\/csmdekor.hu\/?page_id=1269#breadcrumb","itemListElement":[{"@type":"ListItem","position":1,"name":"Home","item":"https:\/\/csmdekor.hu\/"},{"@type":"ListItem","position":2,"name":"Graffiti &amp; Mural Art"}]},{"@type":"WebSite","@id":"https:\/\/csmdekor.hu\/#website","url":"https:\/\/csmdekor.hu\/","name":"csmdekor","description":"csmdekor","potentialAction":[{"@type":"SearchAction","target":{"@type":"EntryPoint","urlTemplate":"https:\/\/csmdekor.hu\/?s={search_term_string}"},"query-input":"required name=search_term_string"}],"inLanguage":"hu"}]}},"_links":{"self":[{"href":"https:\/\/csmdekor.hu\/index.php?rest_route=\/wp\/v2\/pages\/1269","targetHints":{"allow":["GET"]}}],"collection":[{"href":"https:\/\/csmdekor.hu\/index.php?rest_route=\/wp\/v2\/pages"}],"about":[{"href":"https:\/\/csmdekor.hu\/index.php?rest_route=\/wp\/v2\/types\/page"}],"author":[{"embeddable":true,"href":"https:\/\/csmdekor.hu\/index.php?rest_route=\/wp\/v2\/users\/1"}],"replies":[{"embeddable":true,"href":"https:\/\/csmdekor.hu\/index.php?rest_route=%2Fwp%2Fv2%2Fcomments&post=1269"}],"version-history":[{"count":9,"href":"https:\/\/csmdekor.hu\/index.php?rest_route=\/wp\/v2\/pages\/1269\/revisions"}],"predecessor-version":[{"id":1866,"href":"https:\/\/csmdekor.hu\/index.php?rest_route=\/wp\/v2\/pages\/1269\/revisions\/1866"}],"wp:attachment":[{"href":"https:\/\/csmdekor.hu\/index.php?rest_route=%2Fwp%2Fv2%2Fmedia&parent=1269"}],"curies":[{"name":"wp","href":"https:\/\/api.w.org\/{rel}","templated":true}]}}