{"id":1229,"date":"2025-01-25T16:26:20","date_gmt":"2025-01-25T16:26:20","guid":{"rendered":"https:\/\/csmdekor.hu\/?page_id=1229"},"modified":"2026-02-15T19:32:54","modified_gmt":"2026-02-15T19:32:54","slug":"homlokzat-dekoracio","status":"publish","type":"page","link":"https:\/\/csmdekor.hu\/?page_id=1229","title":{"rendered":"Homlokzat dekor\u00e1ci\u00f3"},"content":{"rendered":"\n\n\n\n<h3><strong>Homlokzat dekor\u00e1ci\u00f3<\/strong><\/h3>\n\n\n\n\n\n\n\n\n<div class=\"wp-block-columns is-layout-flex wp-container-core-columns-is-layout-9d6595d7 wp-block-columns-is-layout-flex\">\n<div class=\"wp-block-column is-layout-flow wp-block-column-is-layout-flow\">\n<p><strong>Fel\u00faj\u00edtan\u00e1d a homlokzatodat, esetleg feldobn\u00e1d a vend\u00e9gl\u00e1t\u00f3 helys\u00e9gedet, otthonodat, ak\u00e1r c\u00e9ged sz\u00e9khely\u00e9t valami oda ill\u0151 dekor\u00e1ci\u00f3val? N\u00e1lam van lehet\u0151s\u00e9g erre is. V\u00e1llalom teljes homlokzatok renov\u00e1l\u00e1s\u00e1t \u00e9s dekor\u00e1ci\u00f3s fest\u00e9s\u00e9t tervez\u00e9st\u0151l a kivitelez\u00e9sig.<\/strong><\/p>\n<\/div>\n<\/div>\n\n\n\n\n<p>A teljess\u00e9g ig\u00e9nye n\u00e9lk\u00fcl \u00edme n\u00e9h\u00e1ny munk\u00e1m, megrendel\u0151im homlokzati dekorfest\u00e9seir\u0151l. Tov\u00e1bbi tartalmak\u00e9rt k\u00f6vess be!<\/p>\n\n\n\n\n\n<div class=\"wp-block-columns is-layout-flex wp-container-core-columns-is-layout-9d6595d7 wp-block-columns-is-layout-flex\">\n<div class=\"wp-block-column is-layout-flow wp-block-column-is-layout-flow\"><\/div>\n\n\n\n<div class=\"wp-block-column is-layout-flow wp-block-column-is-layout-flow\">\n\n<div class=\"wp-block-columns is-layout-flex wp-container-core-columns-is-layout-9d6595d7 wp-block-columns-is-layout-flex\">\n<div class=\"wp-block-column is-layout-flow wp-block-column-is-layout-flow\"><\/div>\n\n\n\n<div class=\"wp-block-column is-layout-flow wp-block-column-is-layout-flow\"><\/div>\n\n\n\n<div class=\"wp-block-column is-layout-flow wp-block-column-is-layout-flow\"><\/div>\n<\/div>\n\n<\/div>\n\n\n\n<div class=\"wp-block-column is-layout-flow wp-block-column-is-layout-flow\"><\/div>\n<\/div>\n\n\n\n\n<div class=\"wp-block-columns is-layout-flex wp-container-core-columns-is-layout-9d6595d7 wp-block-columns-is-layout-flex\">\n<div class=\"wp-block-column is-layout-flow wp-block-column-is-layout-flow\" style=\"flex-basis:100%\"><\/div>\n<\/div>\n","protected":false},"excerpt":{"rendered":"","protected":false},"author":1,"featured_media":0,"parent":0,"menu_order":0,"comment_status":"closed","ping_status":"closed","template":"","meta":{"pagelayer_contact_templates":[],"_pagelayer_content":"","_monsterinsights_skip_tracking":false,"_monsterinsights_sitenote_active":false,"_monsterinsights_sitenote_note":"","_monsterinsights_sitenote_category":0,"footnotes":""},"class_list":["post-1229","page","type-page","status-publish","hentry"],"yoast_head":"<!-- This site is optimized with the Yoast SEO plugin v22.3 - https:\/\/yoast.com\/wordpress\/plugins\/seo\/ -->\n<title>Homlokzat dekor\u00e1ci\u00f3 - csmdekor<\/title>\n<meta name=\"robots\" content=\"index, follow, max-snippet:-1, max-image-preview:large, max-video-preview:-1\" \/>\n<link rel=\"canonical\" href=\"https:\/\/csmdekor.hu\/?page_id=1229\" \/>\n<meta property=\"og:locale\" content=\"hu_HU\" \/>\n<meta property=\"og:type\" content=\"article\" \/>\n<meta property=\"og:title\" content=\"Homlokzat dekor\u00e1ci\u00f3 - csmdekor\" \/>\n<meta property=\"og:url\" content=\"https:\/\/csmdekor.hu\/?page_id=1229\" \/>\n<meta property=\"og:site_name\" content=\"csmdekor\" \/>\n<meta property=\"article:modified_time\" content=\"2026-02-15T19:32:54+00:00\" \/>\n<meta name=\"twitter:card\" content=\"summary_large_image\" \/>\n<meta name=\"twitter:label1\" content=\"Becs\u00fclt olvas\u00e1si id\u0151\" \/>\n\t<meta name=\"twitter:data1\" content=\"1 perc\" \/>\n<script type=\"application\/ld+json\" class=\"yoast-schema-graph\">{\"@context\":\"https:\/\/schema.org\",\"@graph\":[{\"@type\":\"WebPage\",\"@id\":\"https:\/\/csmdekor.hu\/?page_id=1229\",\"url\":\"https:\/\/csmdekor.hu\/?page_id=1229\",\"name\":\"Homlokzat dekor\u00e1ci\u00f3 - csmdekor\",\"isPartOf\":{\"@id\":\"https:\/\/csmdekor.hu\/#website\"},\"datePublished\":\"2025-01-25T16:26:20+00:00\",\"dateModified\":\"2026-02-15T19:32:54+00:00\",\"breadcrumb\":{\"@id\":\"https:\/\/csmdekor.hu\/?page_id=1229#breadcrumb\"},\"inLanguage\":\"hu\",\"potentialAction\":[{\"@type\":\"ReadAction\",\"target\":[\"https:\/\/csmdekor.hu\/?page_id=1229\"]}]},{\"@type\":\"BreadcrumbList\",\"@id\":\"https:\/\/csmdekor.hu\/?page_id=1229#breadcrumb\",\"itemListElement\":[{\"@type\":\"ListItem\",\"position\":1,\"name\":\"Home\",\"item\":\"https:\/\/csmdekor.hu\/\"},{\"@type\":\"ListItem\",\"position\":2,\"name\":\"Homlokzat dekor\u00e1ci\u00f3\"}]},{\"@type\":\"WebSite\",\"@id\":\"https:\/\/csmdekor.hu\/#website\",\"url\":\"https:\/\/csmdekor.hu\/\",\"name\":\"csmdekor\",\"description\":\"csmdekor\",\"potentialAction\":[{\"@type\":\"SearchAction\",\"target\":{\"@type\":\"EntryPoint\",\"urlTemplate\":\"https:\/\/csmdekor.hu\/?s={search_term_string}\"},\"query-input\":\"required name=search_term_string\"}],\"inLanguage\":\"hu\"}]}<\/script>\n<!-- \/ Yoast SEO plugin. -->","yoast_head_json":{"title":"Homlokzat dekor\u00e1ci\u00f3 - csmdekor","robots":{"index":"index","follow":"follow","max-snippet":"max-snippet:-1","max-image-preview":"max-image-preview:large","max-video-preview":"max-video-preview:-1"},"canonical":"https:\/\/csmdekor.hu\/?page_id=1229","og_locale":"hu_HU","og_type":"article","og_title":"Homlokzat dekor\u00e1ci\u00f3 - csmdekor","og_url":"https:\/\/csmdekor.hu\/?page_id=1229","og_site_name":"csmdekor","article_modified_time":"2026-02-15T19:32:54+00:00","twitter_card":"summary_large_image","twitter_misc":{"Becs\u00fclt olvas\u00e1si id\u0151":"1 perc"},"schema":{"@context":"https:\/\/schema.org","@graph":[{"@type":"WebPage","@id":"https:\/\/csmdekor.hu\/?page_id=1229","url":"https:\/\/csmdekor.hu\/?page_id=1229","name":"Homlokzat dekor\u00e1ci\u00f3 - csmdekor","isPartOf":{"@id":"https:\/\/csmdekor.hu\/#website"},"datePublished":"2025-01-25T16:26:20+00:00","dateModified":"2026-02-15T19:32:54+00:00","breadcrumb":{"@id":"https:\/\/csmdekor.hu\/?page_id=1229#breadcrumb"},"inLanguage":"hu","potentialAction":[{"@type":"ReadAction","target":["https:\/\/csmdekor.hu\/?page_id=1229"]}]},{"@type":"BreadcrumbList","@id":"https:\/\/csmdekor.hu\/?page_id=1229#breadcrumb","itemListElement":[{"@type":"ListItem","position":1,"name":"Home","item":"https:\/\/csmdekor.hu\/"},{"@type":"ListItem","position":2,"name":"Homlokzat dekor\u00e1ci\u00f3"}]},{"@type":"WebSite","@id":"https:\/\/csmdekor.hu\/#website","url":"https:\/\/csmdekor.hu\/","name":"csmdekor","description":"csmdekor","potentialAction":[{"@type":"SearchAction","target":{"@type":"EntryPoint","urlTemplate":"https:\/\/csmdekor.hu\/?s={search_term_string}"},"query-input":"required name=search_term_string"}],"inLanguage":"hu"}]}},"_links":{"self":[{"href":"https:\/\/csmdekor.hu\/index.php?rest_route=\/wp\/v2\/pages\/1229","targetHints":{"allow":["GET"]}}],"collection":[{"href":"https:\/\/csmdekor.hu\/index.php?rest_route=\/wp\/v2\/pages"}],"about":[{"href":"https:\/\/csmdekor.hu\/index.php?rest_route=\/wp\/v2\/types\/page"}],"author":[{"embeddable":true,"href":"https:\/\/csmdekor.hu\/index.php?rest_route=\/wp\/v2\/users\/1"}],"replies":[{"embeddable":true,"href":"https:\/\/csmdekor.hu\/index.php?rest_route=%2Fwp%2Fv2%2Fcomments&post=1229"}],"version-history":[{"count":5,"href":"https:\/\/csmdekor.hu\/index.php?rest_route=\/wp\/v2\/pages\/1229\/revisions"}],"predecessor-version":[{"id":1862,"href":"https:\/\/csmdekor.hu\/index.php?rest_route=\/wp\/v2\/pages\/1229\/revisions\/1862"}],"wp:attachment":[{"href":"https:\/\/csmdekor.hu\/index.php?rest_route=%2Fwp%2Fv2%2Fmedia&parent=1229"}],"curies":[{"name":"wp","href":"https:\/\/api.w.org\/{rel}","templated":true}]}}