{"id":1112,"date":"2025-01-25T14:56:51","date_gmt":"2025-01-25T14:56:51","guid":{"rendered":"https:\/\/csmdekor.hu\/?page_id=1112"},"modified":"2026-02-15T19:46:28","modified_gmt":"2026-02-15T19:46:28","slug":"vallalkozasok-cegek","status":"publish","type":"page","link":"https:\/\/csmdekor.hu\/?page_id=1112","title":{"rendered":"V\u00e1llalkoz\u00e1sok, C\u00e9gek"},"content":{"rendered":"\n\n\n\n<h3><strong><strong>V\u00e1llalkoz\u00e1sok, C\u00e9gek<\/strong><\/strong><\/h3>\n\n\n\n\n\n\n\n\n<div class=\"wp-block-columns is-layout-flex wp-container-core-columns-is-layout-9d6595d7 wp-block-columns-is-layout-flex\">\n<div class=\"wp-block-column is-layout-flow wp-block-column-is-layout-flow\">\n<p><strong>Szeretn\u00e9l kit\u0171nni a t\u00f6megb\u0151l v\u00e1llalkoz\u00e1soddal vagy c\u00e9geddel \u00e9s el\u00e9rni, hogy minden szem r\u00e1d szegez\u0151dj\u00f6n? V\u00e1llalom megl\u00e9v\u0151 \u00f6tleted, vagy az egy\u00fctt megtervezett egyedi rekl\u00e1mdekor\u00e1ci\u00f3d min\u0151s\u00e9gi kivitelez\u00e9s\u00e9t.<\/strong><\/p>\n<\/div>\n<\/div>\n\n\n\n\n<p>A teljess\u00e9g ig\u00e9ny n\u00e9lk\u00fcl \u00edme n\u00e9h\u00e1ny munk\u00e1m, megrendel\u0151im v\u00e1llalkoz\u00e1sib\u00f3l. Tov\u00e1bbi tartalmak\u00e9rt k\u00f6vess be!<\/p>\n\n\n\n\n\n<div class=\"wp-block-columns is-layout-flex wp-container-core-columns-is-layout-9d6595d7 wp-block-columns-is-layout-flex\">\n<div class=\"wp-block-column is-layout-flow wp-block-column-is-layout-flow\"><\/div>\n\n\n\n<div class=\"wp-block-column is-layout-flow wp-block-column-is-layout-flow\">\n\n<div class=\"wp-block-columns is-layout-flex wp-container-core-columns-is-layout-9d6595d7 wp-block-columns-is-layout-flex\">\n<div class=\"wp-block-column is-layout-flow wp-block-column-is-layout-flow\"><\/div>\n\n\n\n<div class=\"wp-block-column is-layout-flow wp-block-column-is-layout-flow\"><\/div>\n\n\n\n<div class=\"wp-block-column is-layout-flow wp-block-column-is-layout-flow\"><\/div>\n<\/div>\n\n<\/div>\n\n\n\n<div class=\"wp-block-column is-layout-flow wp-block-column-is-layout-flow\"><\/div>\n<\/div>\n\n\n\n\n<div class=\"wp-block-columns is-layout-flex wp-container-core-columns-is-layout-9d6595d7 wp-block-columns-is-layout-flex\">\n<div class=\"wp-block-column is-layout-flow wp-block-column-is-layout-flow\" style=\"flex-basis:100%\"><\/div>\n<\/div>\n","protected":false},"excerpt":{"rendered":"","protected":false},"author":1,"featured_media":0,"parent":0,"menu_order":0,"comment_status":"closed","ping_status":"closed","template":"","meta":{"pagelayer_contact_templates":[],"_pagelayer_content":"","_monsterinsights_skip_tracking":false,"_monsterinsights_sitenote_active":false,"_monsterinsights_sitenote_note":"","_monsterinsights_sitenote_category":0,"footnotes":""},"class_list":["post-1112","page","type-page","status-publish","hentry"],"yoast_head":"<!-- This site is optimized with the Yoast SEO plugin v22.3 - https:\/\/yoast.com\/wordpress\/plugins\/seo\/ -->\n<title>V\u00e1llalkoz\u00e1sok, C\u00e9gek - csmdekor<\/title>\n<meta name=\"robots\" content=\"index, follow, max-snippet:-1, max-image-preview:large, max-video-preview:-1\" \/>\n<link rel=\"canonical\" href=\"https:\/\/csmdekor.hu\/?page_id=1112\" \/>\n<meta property=\"og:locale\" content=\"hu_HU\" \/>\n<meta property=\"og:type\" content=\"article\" \/>\n<meta property=\"og:title\" content=\"V\u00e1llalkoz\u00e1sok, C\u00e9gek - csmdekor\" \/>\n<meta property=\"og:url\" content=\"https:\/\/csmdekor.hu\/?page_id=1112\" \/>\n<meta property=\"og:site_name\" content=\"csmdekor\" \/>\n<meta property=\"article:modified_time\" content=\"2026-02-15T19:46:28+00:00\" \/>\n<meta name=\"twitter:card\" content=\"summary_large_image\" \/>\n<meta name=\"twitter:label1\" content=\"Becs\u00fclt olvas\u00e1si id\u0151\" \/>\n\t<meta name=\"twitter:data1\" content=\"1 perc\" \/>\n<script type=\"application\/ld+json\" class=\"yoast-schema-graph\">{\"@context\":\"https:\/\/schema.org\",\"@graph\":[{\"@type\":\"WebPage\",\"@id\":\"https:\/\/csmdekor.hu\/?page_id=1112\",\"url\":\"https:\/\/csmdekor.hu\/?page_id=1112\",\"name\":\"V\u00e1llalkoz\u00e1sok, C\u00e9gek - csmdekor\",\"isPartOf\":{\"@id\":\"https:\/\/csmdekor.hu\/#website\"},\"datePublished\":\"2025-01-25T14:56:51+00:00\",\"dateModified\":\"2026-02-15T19:46:28+00:00\",\"breadcrumb\":{\"@id\":\"https:\/\/csmdekor.hu\/?page_id=1112#breadcrumb\"},\"inLanguage\":\"hu\",\"potentialAction\":[{\"@type\":\"ReadAction\",\"target\":[\"https:\/\/csmdekor.hu\/?page_id=1112\"]}]},{\"@type\":\"BreadcrumbList\",\"@id\":\"https:\/\/csmdekor.hu\/?page_id=1112#breadcrumb\",\"itemListElement\":[{\"@type\":\"ListItem\",\"position\":1,\"name\":\"Home\",\"item\":\"https:\/\/csmdekor.hu\/\"},{\"@type\":\"ListItem\",\"position\":2,\"name\":\"V\u00e1llalkoz\u00e1sok, C\u00e9gek\"}]},{\"@type\":\"WebSite\",\"@id\":\"https:\/\/csmdekor.hu\/#website\",\"url\":\"https:\/\/csmdekor.hu\/\",\"name\":\"csmdekor\",\"description\":\"csmdekor\",\"potentialAction\":[{\"@type\":\"SearchAction\",\"target\":{\"@type\":\"EntryPoint\",\"urlTemplate\":\"https:\/\/csmdekor.hu\/?s={search_term_string}\"},\"query-input\":\"required name=search_term_string\"}],\"inLanguage\":\"hu\"}]}<\/script>\n<!-- \/ Yoast SEO plugin. -->","yoast_head_json":{"title":"V\u00e1llalkoz\u00e1sok, C\u00e9gek - csmdekor","robots":{"index":"index","follow":"follow","max-snippet":"max-snippet:-1","max-image-preview":"max-image-preview:large","max-video-preview":"max-video-preview:-1"},"canonical":"https:\/\/csmdekor.hu\/?page_id=1112","og_locale":"hu_HU","og_type":"article","og_title":"V\u00e1llalkoz\u00e1sok, C\u00e9gek - csmdekor","og_url":"https:\/\/csmdekor.hu\/?page_id=1112","og_site_name":"csmdekor","article_modified_time":"2026-02-15T19:46:28+00:00","twitter_card":"summary_large_image","twitter_misc":{"Becs\u00fclt olvas\u00e1si id\u0151":"1 perc"},"schema":{"@context":"https:\/\/schema.org","@graph":[{"@type":"WebPage","@id":"https:\/\/csmdekor.hu\/?page_id=1112","url":"https:\/\/csmdekor.hu\/?page_id=1112","name":"V\u00e1llalkoz\u00e1sok, C\u00e9gek - csmdekor","isPartOf":{"@id":"https:\/\/csmdekor.hu\/#website"},"datePublished":"2025-01-25T14:56:51+00:00","dateModified":"2026-02-15T19:46:28+00:00","breadcrumb":{"@id":"https:\/\/csmdekor.hu\/?page_id=1112#breadcrumb"},"inLanguage":"hu","potentialAction":[{"@type":"ReadAction","target":["https:\/\/csmdekor.hu\/?page_id=1112"]}]},{"@type":"BreadcrumbList","@id":"https:\/\/csmdekor.hu\/?page_id=1112#breadcrumb","itemListElement":[{"@type":"ListItem","position":1,"name":"Home","item":"https:\/\/csmdekor.hu\/"},{"@type":"ListItem","position":2,"name":"V\u00e1llalkoz\u00e1sok, C\u00e9gek"}]},{"@type":"WebSite","@id":"https:\/\/csmdekor.hu\/#website","url":"https:\/\/csmdekor.hu\/","name":"csmdekor","description":"csmdekor","potentialAction":[{"@type":"SearchAction","target":{"@type":"EntryPoint","urlTemplate":"https:\/\/csmdekor.hu\/?s={search_term_string}"},"query-input":"required name=search_term_string"}],"inLanguage":"hu"}]}},"_links":{"self":[{"href":"https:\/\/csmdekor.hu\/index.php?rest_route=\/wp\/v2\/pages\/1112","targetHints":{"allow":["GET"]}}],"collection":[{"href":"https:\/\/csmdekor.hu\/index.php?rest_route=\/wp\/v2\/pages"}],"about":[{"href":"https:\/\/csmdekor.hu\/index.php?rest_route=\/wp\/v2\/types\/page"}],"author":[{"embeddable":true,"href":"https:\/\/csmdekor.hu\/index.php?rest_route=\/wp\/v2\/users\/1"}],"replies":[{"embeddable":true,"href":"https:\/\/csmdekor.hu\/index.php?rest_route=%2Fwp%2Fv2%2Fcomments&post=1112"}],"version-history":[{"count":11,"href":"https:\/\/csmdekor.hu\/index.php?rest_route=\/wp\/v2\/pages\/1112\/revisions"}],"predecessor-version":[{"id":1869,"href":"https:\/\/csmdekor.hu\/index.php?rest_route=\/wp\/v2\/pages\/1112\/revisions\/1869"}],"wp:attachment":[{"href":"https:\/\/csmdekor.hu\/index.php?rest_route=%2Fwp%2Fv2%2Fmedia&parent=1112"}],"curies":[{"name":"wp","href":"https:\/\/api.w.org\/{rel}","templated":true}]}}